{"id":6,"date":"2016-12-01T16:49:34","date_gmt":"2016-12-01T16:49:34","guid":{"rendered":"http:\/\/192.168.178.5\/?page_id=6"},"modified":"2024-10-06T07:23:06","modified_gmt":"2024-10-06T07:23:06","slug":"willkommen-bei-romuald-thirache-informatik","status":"publish","type":"page","link":"https:\/\/www.rtinformatik.com\/","title":{"rendered":"Willkommen bei RTInformatik.com"},"content":{"rendered":"<p>Ihre L\u00f6sung f\u00fcr IT-Services\u00a0&amp; IT-Support, Netzwerk, NAS, Computer &amp; Software in Kreis G\u00fctersloh.<\/p>\n<p>Ben\u00f6tigen Sie IT-Support zum fairen Preis?<\/p>\n<p>Ich biete Ihnen meine Hilfe hier im Kreis G\u00fctersloh an.<\/p>\n<p>Sehen Sie sich bitte meine Leistungen und Preise an.<\/p>\n<p>Sie haben einen speziellen Wunsch oder Fragen? Einfach anrufen oder auf E-Mail klicken.<\/p>\n<p>Ich melde mich schnellstm\u00f6glich zur\u00fcck.<\/p>\n<p>&nbsp;<\/p>\n","protected":false},"excerpt":{"rendered":"<p>Ihre L\u00f6sung f\u00fcr IT-Services\u00a0&amp; IT-Support, Netzwerk, NAS, Computer &amp; Software in Kreis G\u00fctersloh. Ben\u00f6tigen Sie IT-Support zum fairen Preis? Ich biete Ihnen meine Hilfe hier im Kreis G\u00fctersloh an. Sehen Sie sich bitte meine Leistungen und Preise an. Sie haben einen speziellen Wunsch oder Fragen? Einfach anrufen oder auf E-Mail klicken. Ich melde mich schnellstm\u00f6glich &hellip; <a href=\"https:\/\/www.rtinformatik.com\/\" class=\"more-link\"><span class=\"screen-reader-text\">\u201eWillkommen bei RTInformatik.com\u201c<\/span> weiterlesen<\/a><\/p>\n","protected":false},"author":1,"featured_media":0,"parent":0,"menu_order":0,"comment_status":"closed","ping_status":"closed","template":"","meta":{"footnotes":""},"class_list":["post-6","page","type-page","status-publish","hentry"],"_links":{"self":[{"href":"https:\/\/www.rtinformatik.com\/index.php\/wp-json\/wp\/v2\/pages\/6"}],"collection":[{"href":"https:\/\/www.rtinformatik.com\/index.php\/wp-json\/wp\/v2\/pages"}],"about":[{"href":"https:\/\/www.rtinformatik.com\/index.php\/wp-json\/wp\/v2\/types\/page"}],"author":[{"embeddable":true,"href":"https:\/\/www.rtinformatik.com\/index.php\/wp-json\/wp\/v2\/users\/1"}],"replies":[{"embeddable":true,"href":"https:\/\/www.rtinformatik.com\/index.php\/wp-json\/wp\/v2\/comments?post=6"}],"version-history":[{"count":16,"href":"https:\/\/www.rtinformatik.com\/index.php\/wp-json\/wp\/v2\/pages\/6\/revisions"}],"predecessor-version":[{"id":77,"href":"https:\/\/www.rtinformatik.com\/index.php\/wp-json\/wp\/v2\/pages\/6\/revisions\/77"}],"wp:attachment":[{"href":"https:\/\/www.rtinformatik.com\/index.php\/wp-json\/wp\/v2\/media?parent=6"}],"curies":[{"name":"wp","href":"https:\/\/api.w.org\/{rel}","templated":true}]}}